{"id":992,"date":"2024-07-04T07:39:00","date_gmt":"2024-07-04T07:39:00","guid":{"rendered":"https:\/\/gztodun.com\/?post_type=product&#038;p=992"},"modified":"2024-07-04T07:47:33","modified_gmt":"2024-07-04T07:47:33","slug":"td6900c-d","status":"publish","type":"product","link":"https:\/\/gztodun.com\/index.php\/product\/td6900c-d\/","title":{"rendered":"TD6900c\/d"},"content":{"rendered":"<h2 id=\"tw-target-text\" class=\"tw-data-text tw-text-large tw-ta\" dir=\"ltr\" data-placeholder=\"\u7ffb\u8bd1\" aria-label=\"\u8bd1\u6587\" data-ved=\"2ahUKEwjz0drl74yHAxVg3TQHHWIID4UQ3ewLegQIBxAU\"><span class=\"Y2IQFc\" lang=\"en\">Wireless conference chairman microphone<img fetchpriority=\"high\" decoding=\"async\" class=\"alignnone size-medium wp-image-993\" src=\"https:\/\/gztodun.com\/wp-content\/uploads\/2024\/07\/TD6900c\u9ed1\u8272\u65b9\u5934-300x300.jpg\" alt=\"\" width=\"300\" height=\"300\" srcset=\"https:\/\/gztodun.com\/wp-content\/uploads\/2024\/07\/TD6900c\u9ed1\u8272\u65b9\u5934-300x300.jpg 300w, https:\/\/gztodun.com\/wp-content\/uploads\/2024\/07\/TD6900c\u9ed1\u8272\u65b9\u5934-1024x1024.jpg 1024w, https:\/\/gztodun.com\/wp-content\/uploads\/2024\/07\/TD6900c\u9ed1\u8272\u65b9\u5934-150x150.jpg 150w, https:\/\/gztodun.com\/wp-content\/uploads\/2024\/07\/TD6900c\u9ed1\u8272\u65b9\u5934-768x768.jpg 768w, https:\/\/gztodun.com\/wp-content\/uploads\/2024\/07\/TD6900c\u9ed1\u8272\u65b9\u5934-600x600.jpg 600w, https:\/\/gztodun.com\/wp-content\/uploads\/2024\/07\/TD6900c\u9ed1\u8272\u65b9\u5934-100x100.jpg 100w, https:\/\/gztodun.com\/wp-content\/uploads\/2024\/07\/TD6900c\u9ed1\u8272\u65b9\u5934.jpg 1200w\" sizes=\"(max-width: 300px) 100vw, 300px\" \/><\/span><\/h2>\n<pre class=\"tw-data-text tw-text-large tw-ta\" dir=\"ltr\" data-placeholder=\"\u7ffb\u8bd1\" aria-label=\"\u8bd1\u6587\" data-ved=\"2ahUKEwjz0drl74yHAxVg3TQHHWIID4UQ3ewLegQIBxAU\"><span class=\"Y2IQFc\" lang=\"en\">\r\n\u25cfWorking power supply: DC 3.7V -- 4.5V \u25cfPower consumption: standby \u2266360mW, talking state \u2266630mW \u25cfOperating temperature -10\u2103 -- 40\u2103 \u25cfMicrophone pole length: 200mm \u25cfDimensions (W\u00d7H\u00d7D): 170mm\u00d75.8mm (excluding microphone rod)\u00d7120mm \u25cfWeight: 0.6 kg audio channel \u25cfCommunication method: UHF wireless method (one-way) \u25cfNumber of channels: 5 (1 chairman unit channel, 4 representative unit channels) \u25cfFrequency range: (frequency range is available in the range of 500MHz --- 950MHz) \u25cfModulation method: FM \u25cfMaximum modulation amount: 60K \u25cfRadiated power: \u2266+9dBm \u25cfFrequency deviation: &lt;0.002 \u25cfReference speaking distance: 10cm--30cm\r\n<\/span><\/pre>\n<pre id=\"tw-target-text\" class=\"tw-data-text tw-text-large tw-ta\" dir=\"ltr\" data-placeholder=\"\u7ffb\u8bd1\" aria-label=\"\u8bd1\u6587\" data-ved=\"2ahUKEwjz0drl74yHAxVg3TQHHWIID4UQ3ewLegQIBxAU\"><span class=\"Y2IQFc\" lang=\"en\">\u25cfCommunication method: wireless (two-way)\r\n\u25cfNumber of channels: 16\r\n\u25cfFrequency range: 422.4MHz -- 438.4MHz\r\n\u25cfModulation method: FSK\r\n\u25cfReceive sensitivity: -100dBm\r\n\u25cfRadiated power: \u2266+6dBm\r\n\u25cfFrequency deviation: &lt;0.002\r\n\u25cfData rate: 100KBPS<\/span><\/pre>\n<pre id=\"tw-target-text\" class=\"tw-data-text tw-text-large tw-ta\" dir=\"ltr\" data-placeholder=\"\u7ffb\u8bd1\" aria-label=\"\u8bd1\u6587\" data-ved=\"2ahUKEwjz0drl74yHAxVg3TQHHWIID4UQ3ewLegQIBxAU\"><\/pre>\n","protected":false},"excerpt":{"rendered":"<h2 id=\"tw-target-text\" class=\"tw-data-text tw-text-large tw-ta\" dir=\"ltr\" data-placeholder=\"\u7ffb\u8bd1\" aria-label=\"\u8bd1\u6587\" data-ved=\"2ahUKEwjz0drl74yHAxVg3TQHHWIID4UQ3ewLegQIBxAU\"><span class=\"Y2IQFc\" lang=\"en\">Wireless conference chairman microphone<\/span><\/h2>\n","protected":false},"featured_media":993,"template":"","meta":{"site-sidebar-layout":"default","site-content-layout":"","ast-site-content-layout":"default","site-content-style":"default","site-sidebar-style":"default","ast-global-header-display":"","ast-banner-title-visibility":"","ast-main-header-display":"","ast-hfb-above-header-display":"","ast-hfb-below-header-display":"","ast-hfb-mobile-header-display":"","site-post-title":"","ast-breadcrumbs-content":"","ast-featured-img":"","footer-sml-layout":"","theme-transparent-header-meta":"default","adv-header-id-meta":"","stick-header-meta":"","header-above-stick-meta":"","header-main-stick-meta":"","header-below-stick-meta":"","astra-migrate-meta-layouts":"set","ast-page-background-enabled":"default","ast-page-background-meta":{"desktop":{"background-color":"var(--ast-global-color-4)","background-image":"","background-repeat":"repeat","background-position":"center center","background-size":"auto","background-attachment":"scroll","background-type":"","background-media":"","overlay-type":"","overlay-color":"","overlay-opacity":"","overlay-gradient":""},"tablet":{"background-color":"","background-image":"","background-repeat":"repeat","background-position":"center center","background-size":"auto","background-attachment":"scroll","background-type":"","background-media":"","overlay-type":"","overlay-color":"","overlay-opacity":"","overlay-gradient":""},"mobile":{"background-color":"","background-image":"","background-repeat":"repeat","background-position":"center center","background-size":"auto","background-attachment":"scroll","background-type":"","background-media":"","overlay-type":"","overlay-color":"","overlay-opacity":"","overlay-gradient":""}},"ast-content-background-meta":{"desktop":{"background-color":"var(--ast-global-color-5)","background-image":"","background-repeat":"repeat","background-position":"center center","background-size":"auto","background-attachment":"scroll","background-type":"","background-media":"","overlay-type":"","overlay-color":"","overlay-opacity":"","overlay-gradient":""},"tablet":{"background-color":"var(--ast-global-color-5)","background-image":"","background-repeat":"repeat","background-position":"center center","background-size":"auto","background-attachment":"scroll","background-type":"","background-media":"","overlay-type":"","overlay-color":"","overlay-opacity":"","overlay-gradient":""},"mobile":{"background-color":"var(--ast-global-color-5)","background-image":"","background-repeat":"repeat","background-position":"center center","background-size":"auto","background-attachment":"scroll","background-type":"","background-media":"","overlay-type":"","overlay-color":"","overlay-opacity":"","overlay-gradient":""}}},"product_cat":[51],"product_tag":[],"aioseo_notices":[],"_links":{"self":[{"href":"https:\/\/gztodun.com\/index.php\/wp-json\/wp\/v2\/product\/992"}],"collection":[{"href":"https:\/\/gztodun.com\/index.php\/wp-json\/wp\/v2\/product"}],"about":[{"href":"https:\/\/gztodun.com\/index.php\/wp-json\/wp\/v2\/types\/product"}],"wp:featuredmedia":[{"embeddable":true,"href":"https:\/\/gztodun.com\/index.php\/wp-json\/wp\/v2\/media\/993"}],"wp:attachment":[{"href":"https:\/\/gztodun.com\/index.php\/wp-json\/wp\/v2\/media?parent=992"}],"wp:term":[{"taxonomy":"product_cat","embeddable":true,"href":"https:\/\/gztodun.com\/index.php\/wp-json\/wp\/v2\/product_cat?post=992"},{"taxonomy":"product_tag","embeddable":true,"href":"https:\/\/gztodun.com\/index.php\/wp-json\/wp\/v2\/product_tag?post=992"}],"curies":[{"name":"wp","href":"https:\/\/api.w.org\/{rel}","templated":true}]}}