{"id":989,"date":"2024-07-02T08:59:01","date_gmt":"2024-07-02T08:59:01","guid":{"rendered":"https:\/\/gztodun.com\/?post_type=product&#038;p=989"},"modified":"2024-07-04T07:47:58","modified_gmt":"2024-07-04T07:47:58","slug":"td8920","status":"publish","type":"product","link":"https:\/\/gztodun.com\/index.php\/product\/td8920\/","title":{"rendered":"TD8920c\/d"},"content":{"rendered":"<h2 id=\"tw-target-text\" class=\"tw-data-text tw-text-large tw-ta\" dir=\"ltr\" data-placeholder=\"\u7ffb\u8bd1\" aria-label=\"\u8bd1\u6587\" data-ved=\"2ahUKEwiggNPe3YeHAxXEsFYBHZTNAzEQ3ewLegQIBxAU\"><span class=\"Y2IQFc\" lang=\"en\">Wireless attendance unit<img fetchpriority=\"high\" decoding=\"async\" class=\"alignnone size-medium wp-image-990\" src=\"https:\/\/gztodun.com\/wp-content\/uploads\/2024\/07\/\u6258\u987fTD8920c-300x300.jpg\" alt=\"\" width=\"300\" height=\"300\" srcset=\"https:\/\/gztodun.com\/wp-content\/uploads\/2024\/07\/\u6258\u987fTD8920c-300x300.jpg 300w, https:\/\/gztodun.com\/wp-content\/uploads\/2024\/07\/\u6258\u987fTD8920c-1024x1024.jpg 1024w, https:\/\/gztodun.com\/wp-content\/uploads\/2024\/07\/\u6258\u987fTD8920c-150x150.jpg 150w, https:\/\/gztodun.com\/wp-content\/uploads\/2024\/07\/\u6258\u987fTD8920c-768x768.jpg 768w, https:\/\/gztodun.com\/wp-content\/uploads\/2024\/07\/\u6258\u987fTD8920c-600x600.jpg 600w, https:\/\/gztodun.com\/wp-content\/uploads\/2024\/07\/\u6258\u987fTD8920c-100x100.jpg 100w, https:\/\/gztodun.com\/wp-content\/uploads\/2024\/07\/\u6258\u987fTD8920c.jpg 1080w\" sizes=\"(max-width: 300px) 100vw, 300px\" \/><\/span><\/h2>\n<pre id=\"tw-target-text\" class=\"tw-data-text tw-text-large tw-ta\" dir=\"ltr\" data-placeholder=\"\u7ffb\u8bd1\" aria-label=\"\u8bd1\u6587\" data-ved=\"2ahUKEwiggNPe3YeHAxXEsFYBHZTNAzEQ3ewLegQIBxAU\"><span class=\"Y2IQFc\" lang=\"en\">\r\nNovel design, ergonomic, square tube condenser microphone with plastic seat; Electret supercardioid microphone; Anti-interference ability from mobile phones, electromagnetic and high frequency; LCD display, independent switch key There is a microphone switch button. Press the switch button, the green LED microphone light ring will light up, and the microphone is on. To turn off the microphone, you need to press the switch button again; The damping adjustment structure allows the radio head to be adjusted to the appropriate position arbitrarily; Comes with a windproof sponge cover to reduce the sound of jets and other wind sounds when speaking; It has voting and video tracking functions and can be widely used in various occasions such as meetings, lectures, and teaching. Technical Parameters: Indicator light: green LED turns on the microphone tube light ring display Power supply: DC 3.7V-4.5V Power consumption: standby \u2266360mW, microphone on state \u2266630mW Microphone type: Supercardioid directional electret Switch: electronic tact switch Audio communication method: UHF radio waves Audio frequency range: 610MHz - 664.75MHz Number of audio channels: 5 Control communication method: wireless 433MHz frequency band Control frequency range: 422.4MHz - 439.4MHz Number of control channels: 16 Receiving sensitivity: -100dBm Microphone length: 240mm Base specifications (width \u00d7 depth \u00d7 height): 152 \u00d7 140 \u00d7 55mm color: gray The chairman microphone has a chairman priority function key that can turn off all representative microphones with one click. TD8920cv and TD8920dv also have voting function<\/span><\/pre>\n","protected":false},"excerpt":{"rendered":"<h2 id=\"tw-target-text\" class=\"tw-data-text tw-text-large tw-ta\" dir=\"ltr\" data-placeholder=\"\u7ffb\u8bd1\" aria-label=\"\u8bd1\u6587\" data-ved=\"2ahUKEwiggNPe3YeHAxXEsFYBHZTNAzEQ3ewLegQIBxAU\"><span class=\"Y2IQFc\" lang=\"en\">Wireless attendance unit<\/span><\/h2>\n","protected":false},"featured_media":990,"template":"","meta":{"site-sidebar-layout":"default","site-content-layout":"","ast-site-content-layout":"default","site-content-style":"default","site-sidebar-style":"default","ast-global-header-display":"","ast-banner-title-visibility":"","ast-main-header-display":"","ast-hfb-above-header-display":"","ast-hfb-below-header-display":"","ast-hfb-mobile-header-display":"","site-post-title":"","ast-breadcrumbs-content":"","ast-featured-img":"","footer-sml-layout":"","theme-transparent-header-meta":"default","adv-header-id-meta":"","stick-header-meta":"","header-above-stick-meta":"","header-main-stick-meta":"","header-below-stick-meta":"","astra-migrate-meta-layouts":"set","ast-page-background-enabled":"default","ast-page-background-meta":{"desktop":{"background-color":"var(--ast-global-color-4)","background-image":"","background-repeat":"repeat","background-position":"center center","background-size":"auto","background-attachment":"scroll","background-type":"","background-media":"","overlay-type":"","overlay-color":"","overlay-opacity":"","overlay-gradient":""},"tablet":{"background-color":"","background-image":"","background-repeat":"repeat","background-position":"center center","background-size":"auto","background-attachment":"scroll","background-type":"","background-media":"","overlay-type":"","overlay-color":"","overlay-opacity":"","overlay-gradient":""},"mobile":{"background-color":"","background-image":"","background-repeat":"repeat","background-position":"center center","background-size":"auto","background-attachment":"scroll","background-type":"","background-media":"","overlay-type":"","overlay-color":"","overlay-opacity":"","overlay-gradient":""}},"ast-content-background-meta":{"desktop":{"background-color":"var(--ast-global-color-5)","background-image":"","background-repeat":"repeat","background-position":"center center","background-size":"auto","background-attachment":"scroll","background-type":"","background-media":"","overlay-type":"","overlay-color":"","overlay-opacity":"","overlay-gradient":""},"tablet":{"background-color":"var(--ast-global-color-5)","background-image":"","background-repeat":"repeat","background-position":"center center","background-size":"auto","background-attachment":"scroll","background-type":"","background-media":"","overlay-type":"","overlay-color":"","overlay-opacity":"","overlay-gradient":""},"mobile":{"background-color":"var(--ast-global-color-5)","background-image":"","background-repeat":"repeat","background-position":"center center","background-size":"auto","background-attachment":"scroll","background-type":"","background-media":"","overlay-type":"","overlay-color":"","overlay-opacity":"","overlay-gradient":""}}},"product_cat":[51],"product_tag":[],"aioseo_notices":[],"_links":{"self":[{"href":"https:\/\/gztodun.com\/index.php\/wp-json\/wp\/v2\/product\/989"}],"collection":[{"href":"https:\/\/gztodun.com\/index.php\/wp-json\/wp\/v2\/product"}],"about":[{"href":"https:\/\/gztodun.com\/index.php\/wp-json\/wp\/v2\/types\/product"}],"wp:featuredmedia":[{"embeddable":true,"href":"https:\/\/gztodun.com\/index.php\/wp-json\/wp\/v2\/media\/990"}],"wp:attachment":[{"href":"https:\/\/gztodun.com\/index.php\/wp-json\/wp\/v2\/media?parent=989"}],"wp:term":[{"taxonomy":"product_cat","embeddable":true,"href":"https:\/\/gztodun.com\/index.php\/wp-json\/wp\/v2\/product_cat?post=989"},{"taxonomy":"product_tag","embeddable":true,"href":"https:\/\/gztodun.com\/index.php\/wp-json\/wp\/v2\/product_tag?post=989"}],"curies":[{"name":"wp","href":"https:\/\/api.w.org\/{rel}","templated":true}]}}