{"id":987,"date":"2024-07-02T08:43:51","date_gmt":"2024-07-02T08:43:51","guid":{"rendered":"https:\/\/gztodun.com\/?post_type=product&#038;p=987"},"modified":"2024-07-02T08:43:51","modified_gmt":"2024-07-02T08:43:51","slug":"td7900","status":"publish","type":"product","link":"https:\/\/gztodun.com\/index.php\/product\/td7900\/","title":{"rendered":"TD7900"},"content":{"rendered":"<h2 id=\"tw-target-text\" class=\"tw-data-text tw-text-large tw-ta\" dir=\"ltr\" data-placeholder=\"\u7ffb\u8bd1\" aria-label=\"\u8bd1\u6587\" data-ved=\"2ahUKEwiggNPe3YeHAxXEsFYBHZTNAzEQ3ewLegQIBxAU\"><span class=\"Y2IQFc\" lang=\"en\">Wireless conference system<img fetchpriority=\"high\" decoding=\"async\" class=\"alignnone size-medium wp-image-988\" src=\"https:\/\/gztodun.com\/wp-content\/uploads\/2024\/07\/TD7900-300x200.jpg\" alt=\"\" width=\"300\" height=\"200\" srcset=\"https:\/\/gztodun.com\/wp-content\/uploads\/2024\/07\/TD7900-300x200.jpg 300w, https:\/\/gztodun.com\/wp-content\/uploads\/2024\/07\/TD7900-1024x683.jpg 1024w, https:\/\/gztodun.com\/wp-content\/uploads\/2024\/07\/TD7900-768x512.jpg 768w, https:\/\/gztodun.com\/wp-content\/uploads\/2024\/07\/TD7900-1536x1024.jpg 1536w, https:\/\/gztodun.com\/wp-content\/uploads\/2024\/07\/TD7900-2048x1365.jpg 2048w, https:\/\/gztodun.com\/wp-content\/uploads\/2024\/07\/TD7900-600x400.jpg 600w\" sizes=\"(max-width: 300px) 100vw, 300px\" \/><\/span><\/h2>\n<pre class=\"tw-data-text tw-text-large tw-ta\" dir=\"ltr\" data-placeholder=\"\u7ffb\u8bd1\" aria-label=\"\u8bd1\u6587\" data-ved=\"2ahUKEwiggNPe3YeHAxXEsFYBHZTNAzEQ3ewLegQIBxAU\"><span class=\"Y2IQFc\" lang=\"en\">\r\nWired and wireless master controller description This system is a wired and wireless conference system that combines wired stability and wireless convenience. Full digital control, the same host can form a wired and wireless shared system, with multiple speech modes, and can be connected with the video host to achieve video tracking function. The wired attendance unit is uniformly powered by the network junction box, and the wireless attendance unit can be powered by ordinary batteries or rechargeable lithium batteries, which is both convenient and environmentally friendly. This system is easy to operate, easy to install, economical and practical, and is a good choice for conference projects. Features: 1. The system supports shared wired and wireless conference microphones and is easy to install and move; 2. Built-in intelligent anti-howling technology, CD-like sound quality; 3. Microphone sensitivity can be adjusted independently; 4. Complete functions (discussion, video tracking); 5. System management microphone capacity \u22661000; 6. Resistance to mobile phone, electromagnetic, and high-frequency interference; 7. Any number of conference systems can be installed in different venues in the same building; 8. Wireless microphone digital FM processing and transmission technology ensures good sound quality; 9. Wired microphone power supply and audio communication are transmitted using the same cable (eight cores); 10. LCD display, which can display host status and system menu; 11. The microphone gain is independently adjustable and has a dynamic level indicator;\r\n<\/span><\/pre>\n<pre class=\"tw-data-text tw-text-large tw-ta\" dir=\"ltr\" data-placeholder=\"\u7ffb\u8bd1\" aria-label=\"\u8bd1\u6587\" data-ved=\"2ahUKEwiggNPe3YeHAxXEsFYBHZTNAzEQ3ewLegQIBxAU\"><span class=\"Y2IQFc\" lang=\"en\">12. Speaker number limit function, you can set the number of representative speaking units that can be turned on at the same time (the number is 1\/2\/3\/4 units);\r\n13. First-in-first-out mode for the number of speakers. After reaching the power-on limit, the next representative unit presses the microphone switch key to turn on the microphone and turn off the microphone that is turned on first;\r\n14. It has an RJ45 interface, which can be connected to the video tracking host to realize SD or HD video tracking function;\r\nTechnical Parameters:\r\n15. Audio communication method: ultra-high frequency radio waves\r\n16. Audio frequency range: 610MHz - 664.75MHz\r\n17. Number of audio channels: 5\r\n18. Control communication method: wireless 433MHz frequency band\r\n19. Control frequency range: 422.4MHz - 439.4MHz\r\n20. Number of control channels: 16\r\n21. Receiving sensitivity: -100dBm\r\n<\/span><\/pre>\n<pre id=\"tw-target-text\" class=\"tw-data-text tw-text-large tw-ta\" dir=\"ltr\" data-placeholder=\"\u7ffb\u8bd1\" aria-label=\"\u8bd1\u6587\" data-ved=\"2ahUKEwiggNPe3YeHAxXEsFYBHZTNAzEQ3ewLegQIBxAU\"><span class=\"Y2IQFc\" lang=\"en\">22. Signal coverage: ideal environment radius 60 meters\r\n23. Audio frequency response: 50Hz-15KHz\r\n24. Total audio gain: \u226620dB\r\n25. Signal-to-noise ratio: &gt;85dB\r\n26. Audio total harmonic distortion: \u22660.8%\r\n27. Power consumption: &lt; 7W\r\n28. Power input: DC12V-15V, \u22671A\r\n29. Main control machine size (W\u00d7H\u00d7D): 485\u00d7100\u00d7355mm\r\n\r\nHT-3399CG product characteristics\r\n1. Power: 200W\r\n2. Charging digits: 16 digits\r\n3. Unit charging current: 700mA\r\n4. Charging time: about 8 hours\r\n5. Status indication: red light flashing - charging; green light - charging completed\r\n6. Power supply: 110V-240V~50Hz\/60Hz\r\n7. Size: 620\u00d7370\u00d7175mm (the tie rod can be extended by 380mm)\r\n8. Weight: 9kg (excluding battery)<\/span><\/pre>\n<pre id=\"tw-target-text\" class=\"tw-data-text tw-text-large tw-ta\" dir=\"ltr\" data-placeholder=\"\u7ffb\u8bd1\" aria-label=\"\u8bd1\u6587\" data-ved=\"2ahUKEwiggNPe3YeHAxXEsFYBHZTNAzEQ3ewLegQIBxAU\"><\/pre>\n<pre id=\"tw-target-text\" class=\"tw-data-text tw-text-large tw-ta\" dir=\"ltr\" data-placeholder=\"\u7ffb\u8bd1\" aria-label=\"\u8bd1\u6587\" data-ved=\"2ahUKEwiggNPe3YeHAxXEsFYBHZTNAzEQ3ewLegQIBxAU\"><\/pre>\n","protected":false},"excerpt":{"rendered":"<h2 id=\"tw-target-text\" class=\"tw-data-text tw-text-large tw-ta\" dir=\"ltr\" data-placeholder=\"\u7ffb\u8bd1\" aria-label=\"\u8bd1\u6587\" data-ved=\"2ahUKEwiggNPe3YeHAxXEsFYBHZTNAzEQ3ewLegQIBxAU\"><span class=\"Y2IQFc\" lang=\"en\">Wireless conference system<\/span><\/h2>\n","protected":false},"featured_media":988,"template":"","meta":{"site-sidebar-layout":"default","site-content-layout":"","ast-site-content-layout":"default","site-content-style":"default","site-sidebar-style":"default","ast-global-header-display":"","ast-banner-title-visibility":"","ast-main-header-display":"","ast-hfb-above-header-display":"","ast-hfb-below-header-display":"","ast-hfb-mobile-header-display":"","site-post-title":"","ast-breadcrumbs-content":"","ast-featured-img":"","footer-sml-layout":"","theme-transparent-header-meta":"default","adv-header-id-meta":"","stick-header-meta":"","header-above-stick-meta":"","header-main-stick-meta":"","header-below-stick-meta":"","astra-migrate-meta-layouts":"set","ast-page-background-enabled":"default","ast-page-background-meta":{"desktop":{"background-color":"var(--ast-global-color-4)","background-image":"","background-repeat":"repeat","background-position":"center center","background-size":"auto","background-attachment":"scroll","background-type":"","background-media":"","overlay-type":"","overlay-color":"","overlay-opacity":"","overlay-gradient":""},"tablet":{"background-color":"","background-image":"","background-repeat":"repeat","background-position":"center center","background-size":"auto","background-attachment":"scroll","background-type":"","background-media":"","overlay-type":"","overlay-color":"","overlay-opacity":"","overlay-gradient":""},"mobile":{"background-color":"","background-image":"","background-repeat":"repeat","background-position":"center center","background-size":"auto","background-attachment":"scroll","background-type":"","background-media":"","overlay-type":"","overlay-color":"","overlay-opacity":"","overlay-gradient":""}},"ast-content-background-meta":{"desktop":{"background-color":"var(--ast-global-color-5)","background-image":"","background-repeat":"repeat","background-position":"center center","background-size":"auto","background-attachment":"scroll","background-type":"","background-media":"","overlay-type":"","overlay-color":"","overlay-opacity":"","overlay-gradient":""},"tablet":{"background-color":"var(--ast-global-color-5)","background-image":"","background-repeat":"repeat","background-position":"center center","background-size":"auto","background-attachment":"scroll","background-type":"","background-media":"","overlay-type":"","overlay-color":"","overlay-opacity":"","overlay-gradient":""},"mobile":{"background-color":"var(--ast-global-color-5)","background-image":"","background-repeat":"repeat","background-position":"center center","background-size":"auto","background-attachment":"scroll","background-type":"","background-media":"","overlay-type":"","overlay-color":"","overlay-opacity":"","overlay-gradient":""}}},"product_cat":[51],"product_tag":[],"aioseo_notices":[],"_links":{"self":[{"href":"https:\/\/gztodun.com\/index.php\/wp-json\/wp\/v2\/product\/987"}],"collection":[{"href":"https:\/\/gztodun.com\/index.php\/wp-json\/wp\/v2\/product"}],"about":[{"href":"https:\/\/gztodun.com\/index.php\/wp-json\/wp\/v2\/types\/product"}],"wp:featuredmedia":[{"embeddable":true,"href":"https:\/\/gztodun.com\/index.php\/wp-json\/wp\/v2\/media\/988"}],"wp:attachment":[{"href":"https:\/\/gztodun.com\/index.php\/wp-json\/wp\/v2\/media?parent=987"}],"wp:term":[{"taxonomy":"product_cat","embeddable":true,"href":"https:\/\/gztodun.com\/index.php\/wp-json\/wp\/v2\/product_cat?post=987"},{"taxonomy":"product_tag","embeddable":true,"href":"https:\/\/gztodun.com\/index.php\/wp-json\/wp\/v2\/product_tag?post=987"}],"curies":[{"name":"wp","href":"https:\/\/api.w.org\/{rel}","templated":true}]}}