{"id":885,"date":"2024-06-26T06:56:57","date_gmt":"2024-06-26T06:56:57","guid":{"rendered":"https:\/\/gztodun.com\/?post_type=product&#038;p=885"},"modified":"2024-06-26T06:56:57","modified_gmt":"2024-06-26T06:56:57","slug":"td72l","status":"publish","type":"product","link":"https:\/\/gztodun.com\/index.php\/product\/td72l\/","title":{"rendered":"TD72L"},"content":{"rendered":"<h2>Professional conference microphone<\/h2>\n<p>\u25c6 Energy conversion method: capacitive<br \/>\n\u25c6 Frequency response: 80Hz-15KHz<br \/>\n\u25c6 Directivity: Supercardioid<br \/>\n\u25c6 Output impedance (ohms): 1200\u03a9 balanced<br \/>\n\u25c6 Sensitivity: -35dB<br \/>\n\u25c6 Total harmonic distortion: 1%<br \/>\n\u25c6 Signal-to-noise ratio: 65dB<br \/>\n\u25c6Power supply voltage: Phantom 48V<br \/>\n\u25c6 Microphone length: 220mm<br \/>\n\u25c6 Base specifications (width \u00d7 depth \u00d7 height): 290 \u00d7 150 \u00d7 68mm<br \/>\n\u25c6 Iron base, resistant to mobile phone, electromagnetic, and high-frequency interference<img fetchpriority=\"high\" decoding=\"async\" class=\"alignnone size-medium wp-image-886\" src=\"https:\/\/gztodun.com\/wp-content\/uploads\/2024\/06\/002-300x300.jpg\" alt=\"\" width=\"300\" height=\"300\" srcset=\"https:\/\/gztodun.com\/wp-content\/uploads\/2024\/06\/002-300x300.jpg 300w, https:\/\/gztodun.com\/wp-content\/uploads\/2024\/06\/002-1024x1024.jpg 1024w, https:\/\/gztodun.com\/wp-content\/uploads\/2024\/06\/002-150x150.jpg 150w, https:\/\/gztodun.com\/wp-content\/uploads\/2024\/06\/002-768x768.jpg 768w, https:\/\/gztodun.com\/wp-content\/uploads\/2024\/06\/002-600x600.jpg 600w, https:\/\/gztodun.com\/wp-content\/uploads\/2024\/06\/002-100x100.jpg 100w, https:\/\/gztodun.com\/wp-content\/uploads\/2024\/06\/002.jpg 1200w\" sizes=\"(max-width: 300px) 100vw, 300px\" \/><\/p>\n","protected":false},"excerpt":{"rendered":"<h2>Professional conference microphone<\/h2>\n","protected":false},"featured_media":887,"template":"","meta":{"site-sidebar-layout":"default","site-content-layout":"","ast-site-content-layout":"default","site-content-style":"default","site-sidebar-style":"default","ast-global-header-display":"","ast-banner-title-visibility":"","ast-main-header-display":"","ast-hfb-above-header-display":"","ast-hfb-below-header-display":"","ast-hfb-mobile-header-display":"","site-post-title":"","ast-breadcrumbs-content":"","ast-featured-img":"","footer-sml-layout":"","theme-transparent-header-meta":"default","adv-header-id-meta":"","stick-header-meta":"","header-above-stick-meta":"","header-main-stick-meta":"","header-below-stick-meta":"","astra-migrate-meta-layouts":"set","ast-page-background-enabled":"default","ast-page-background-meta":{"desktop":{"background-color":"var(--ast-global-color-4)","background-image":"","background-repeat":"repeat","background-position":"center center","background-size":"auto","background-attachment":"scroll","background-type":"","background-media":"","overlay-type":"","overlay-color":"","overlay-opacity":"","overlay-gradient":""},"tablet":{"background-color":"","background-image":"","background-repeat":"repeat","background-position":"center center","background-size":"auto","background-attachment":"scroll","background-type":"","background-media":"","overlay-type":"","overlay-color":"","overlay-opacity":"","overlay-gradient":""},"mobile":{"background-color":"","background-image":"","background-repeat":"repeat","background-position":"center center","background-size":"auto","background-attachment":"scroll","background-type":"","background-media":"","overlay-type":"","overlay-color":"","overlay-opacity":"","overlay-gradient":""}},"ast-content-background-meta":{"desktop":{"background-color":"var(--ast-global-color-5)","background-image":"","background-repeat":"repeat","background-position":"center center","background-size":"auto","background-attachment":"scroll","background-type":"","background-media":"","overlay-type":"","overlay-color":"","overlay-opacity":"","overlay-gradient":""},"tablet":{"background-color":"var(--ast-global-color-5)","background-image":"","background-repeat":"repeat","background-position":"center center","background-size":"auto","background-attachment":"scroll","background-type":"","background-media":"","overlay-type":"","overlay-color":"","overlay-opacity":"","overlay-gradient":""},"mobile":{"background-color":"var(--ast-global-color-5)","background-image":"","background-repeat":"repeat","background-position":"center center","background-size":"auto","background-attachment":"scroll","background-type":"","background-media":"","overlay-type":"","overlay-color":"","overlay-opacity":"","overlay-gradient":""}}},"product_cat":[49],"product_tag":[],"aioseo_notices":[],"_links":{"self":[{"href":"https:\/\/gztodun.com\/index.php\/wp-json\/wp\/v2\/product\/885"}],"collection":[{"href":"https:\/\/gztodun.com\/index.php\/wp-json\/wp\/v2\/product"}],"about":[{"href":"https:\/\/gztodun.com\/index.php\/wp-json\/wp\/v2\/types\/product"}],"wp:featuredmedia":[{"embeddable":true,"href":"https:\/\/gztodun.com\/index.php\/wp-json\/wp\/v2\/media\/887"}],"wp:attachment":[{"href":"https:\/\/gztodun.com\/index.php\/wp-json\/wp\/v2\/media?parent=885"}],"wp:term":[{"taxonomy":"product_cat","embeddable":true,"href":"https:\/\/gztodun.com\/index.php\/wp-json\/wp\/v2\/product_cat?post=885"},{"taxonomy":"product_tag","embeddable":true,"href":"https:\/\/gztodun.com\/index.php\/wp-json\/wp\/v2\/product_tag?post=885"}],"curies":[{"name":"wp","href":"https:\/\/api.w.org\/{rel}","templated":true}]}}