{"id":881,"date":"2024-06-26T06:51:03","date_gmt":"2024-06-26T06:51:03","guid":{"rendered":"https:\/\/gztodun.com\/?post_type=product&#038;p=881"},"modified":"2024-06-26T06:51:03","modified_gmt":"2024-06-26T06:51:03","slug":"td70l","status":"publish","type":"product","link":"https:\/\/gztodun.com\/index.php\/product\/td70l\/","title":{"rendered":"TD70L"},"content":{"rendered":"<h2>speech microphone<\/h2>\n<p>\u25c6 Energy conversion method: capacitive<br \/>\n\u25c6 Frequency response: 80Hz-15KHz<br \/>\n\u25c6 Directivity: Supercardioid<br \/>\n\u25c6 Output impedance (ohms): 1200\u03a9 balanced<br \/>\n\u25c6 Sensitivity: -35dB<br \/>\n\u25c6 Total harmonic distortion: 1%<br \/>\n\u25c6 Signal-to-noise ratio: 65dB<br \/>\n\u25c6Power supply voltage: Phantom 48V<br \/>\n\u25c6Microphone tube length: 240mm<br \/>\n\u25c6 Microphone weight: 5.5kg<br \/>\n\u25c6 Base specifications (width \u00d7 depth \u00d7 height): 278 \u00d7 158 \u00d7 32mm<br \/>\n\u25c6 Iron base, resistant to mobile phone, electromagnetic, and high-frequency interference<img fetchpriority=\"high\" decoding=\"async\" class=\"alignnone size-medium wp-image-882\" src=\"https:\/\/gztodun.com\/wp-content\/uploads\/2024\/06\/\u4fa7\u9762\u5e26logo\u9ad8\u6e05\uff09-300x264.jpg\" alt=\"\" width=\"300\" height=\"264\" srcset=\"https:\/\/gztodun.com\/wp-content\/uploads\/2024\/06\/\u4fa7\u9762\u5e26logo\u9ad8\u6e05\uff09-300x264.jpg 300w, https:\/\/gztodun.com\/wp-content\/uploads\/2024\/06\/\u4fa7\u9762\u5e26logo\u9ad8\u6e05\uff09-1024x900.jpg 1024w, https:\/\/gztodun.com\/wp-content\/uploads\/2024\/06\/\u4fa7\u9762\u5e26logo\u9ad8\u6e05\uff09-768x675.jpg 768w, https:\/\/gztodun.com\/wp-content\/uploads\/2024\/06\/\u4fa7\u9762\u5e26logo\u9ad8\u6e05\uff09-1536x1350.jpg 1536w, https:\/\/gztodun.com\/wp-content\/uploads\/2024\/06\/\u4fa7\u9762\u5e26logo\u9ad8\u6e05\uff09-600x527.jpg 600w, https:\/\/gztodun.com\/wp-content\/uploads\/2024\/06\/\u4fa7\u9762\u5e26logo\u9ad8\u6e05\uff09.jpg 1625w\" sizes=\"(max-width: 300px) 100vw, 300px\" \/><\/p>\n","protected":false},"excerpt":{"rendered":"<h2>speech microphone<\/h2>\n","protected":false},"featured_media":882,"template":"","meta":{"site-sidebar-layout":"default","site-content-layout":"","ast-site-content-layout":"default","site-content-style":"default","site-sidebar-style":"default","ast-global-header-display":"","ast-banner-title-visibility":"","ast-main-header-display":"","ast-hfb-above-header-display":"","ast-hfb-below-header-display":"","ast-hfb-mobile-header-display":"","site-post-title":"","ast-breadcrumbs-content":"","ast-featured-img":"","footer-sml-layout":"","theme-transparent-header-meta":"default","adv-header-id-meta":"","stick-header-meta":"","header-above-stick-meta":"","header-main-stick-meta":"","header-below-stick-meta":"","astra-migrate-meta-layouts":"set","ast-page-background-enabled":"default","ast-page-background-meta":{"desktop":{"background-color":"var(--ast-global-color-4)","background-image":"","background-repeat":"repeat","background-position":"center center","background-size":"auto","background-attachment":"scroll","background-type":"","background-media":"","overlay-type":"","overlay-color":"","overlay-opacity":"","overlay-gradient":""},"tablet":{"background-color":"","background-image":"","background-repeat":"repeat","background-position":"center center","background-size":"auto","background-attachment":"scroll","background-type":"","background-media":"","overlay-type":"","overlay-color":"","overlay-opacity":"","overlay-gradient":""},"mobile":{"background-color":"","background-image":"","background-repeat":"repeat","background-position":"center center","background-size":"auto","background-attachment":"scroll","background-type":"","background-media":"","overlay-type":"","overlay-color":"","overlay-opacity":"","overlay-gradient":""}},"ast-content-background-meta":{"desktop":{"background-color":"var(--ast-global-color-5)","background-image":"","background-repeat":"repeat","background-position":"center center","background-size":"auto","background-attachment":"scroll","background-type":"","background-media":"","overlay-type":"","overlay-color":"","overlay-opacity":"","overlay-gradient":""},"tablet":{"background-color":"var(--ast-global-color-5)","background-image":"","background-repeat":"repeat","background-position":"center center","background-size":"auto","background-attachment":"scroll","background-type":"","background-media":"","overlay-type":"","overlay-color":"","overlay-opacity":"","overlay-gradient":""},"mobile":{"background-color":"var(--ast-global-color-5)","background-image":"","background-repeat":"repeat","background-position":"center center","background-size":"auto","background-attachment":"scroll","background-type":"","background-media":"","overlay-type":"","overlay-color":"","overlay-opacity":"","overlay-gradient":""}}},"product_cat":[49],"product_tag":[],"aioseo_notices":[],"_links":{"self":[{"href":"https:\/\/gztodun.com\/index.php\/wp-json\/wp\/v2\/product\/881"}],"collection":[{"href":"https:\/\/gztodun.com\/index.php\/wp-json\/wp\/v2\/product"}],"about":[{"href":"https:\/\/gztodun.com\/index.php\/wp-json\/wp\/v2\/types\/product"}],"wp:featuredmedia":[{"embeddable":true,"href":"https:\/\/gztodun.com\/index.php\/wp-json\/wp\/v2\/media\/882"}],"wp:attachment":[{"href":"https:\/\/gztodun.com\/index.php\/wp-json\/wp\/v2\/media?parent=881"}],"wp:term":[{"taxonomy":"product_cat","embeddable":true,"href":"https:\/\/gztodun.com\/index.php\/wp-json\/wp\/v2\/product_cat?post=881"},{"taxonomy":"product_tag","embeddable":true,"href":"https:\/\/gztodun.com\/index.php\/wp-json\/wp\/v2\/product_tag?post=881"}],"curies":[{"name":"wp","href":"https:\/\/api.w.org\/{rel}","templated":true}]}}