{"id":1184,"date":"2024-07-09T02:57:26","date_gmt":"2024-07-09T02:57:26","guid":{"rendered":"https:\/\/gztodun.com\/?post_type=product&#038;p=1184"},"modified":"2024-07-09T07:19:13","modified_gmt":"2024-07-09T07:19:13","slug":"tdh403a","status":"publish","type":"product","link":"https:\/\/gztodun.com\/index.php\/product\/tdh403a\/","title":{"rendered":"TDH403A"},"content":{"rendered":"<h2 id=\"tw-target-text\" class=\"tw-data-text tw-text-large tw-ta\" dir=\"ltr\" data-placeholder=\"\u7ffb\u8bd1\" aria-label=\"\u8bd1\u6587\" data-ved=\"2ahUKEwiez_Lz15iHAxUJR2wGHSc4BQwQ3ewLegQIBRAU\"><span class=\"Y2IQFc\" lang=\"en\">Conference sound column<img fetchpriority=\"high\" decoding=\"async\" class=\"alignnone size-medium wp-image-1183\" src=\"https:\/\/gztodun.com\/wp-content\/uploads\/2024\/07\/TDH403-200x300.jpeg\" alt=\"\" width=\"200\" height=\"300\" srcset=\"https:\/\/gztodun.com\/wp-content\/uploads\/2024\/07\/TDH403-200x300.jpeg 200w, https:\/\/gztodun.com\/wp-content\/uploads\/2024\/07\/TDH403-683x1024.jpeg 683w, https:\/\/gztodun.com\/wp-content\/uploads\/2024\/07\/TDH403-768x1152.jpeg 768w, https:\/\/gztodun.com\/wp-content\/uploads\/2024\/07\/TDH403-1024x1536.jpeg 1024w, https:\/\/gztodun.com\/wp-content\/uploads\/2024\/07\/TDH403-1366x2048.jpeg 1366w, https:\/\/gztodun.com\/wp-content\/uploads\/2024\/07\/TDH403-600x900.jpeg 600w, https:\/\/gztodun.com\/wp-content\/uploads\/2024\/07\/TDH403.jpeg 1615w\" sizes=\"(max-width: 200px) 100vw, 200px\" \/><\/span><\/h2>\n<pre id=\"tw-target-text\" class=\"tw-data-text tw-text-large tw-ta\" dir=\"ltr\" data-placeholder=\"\u7ffb\u8bd1\" aria-label=\"\u8bd1\u6587\" data-ved=\"2ahUKEwiez_Lz15iHAxUJR2wGHSc4BQwQ3ewLegQIBRAU\"><span class=\"Y2IQFc\" lang=\"en\">\r\nUnit components: LF: 4.5\"\u00d72\/ HF: 25 horn\u00d71 Frequency response (\u00b13dB): 100Hz\u201420kHz Sensitivity (1m\/1W): 90dB Power (continuous\/peak):50W\/100W Directivity (horizontal): 120\u00b0 Nominal impedance: 8\u03a9 Input method: NL4\u00d72, +1 -1 Size: 125\u00d7150\u00d7533mm Weight: 4KG The H series small sound column speaker system is made of high-grade wood, with a straight column and smooth box design. The column surface uses unique cylindrical wave diffusion technology, which has the advantage of avoiding excessive sound attenuation. Acoustic coupling of a single sound source, 120-degree horizontal dispersion angle, wide and even sound distribution, longer projection distance. Suitable for: speeches, conferences, education and training, religious places, government multi-function halls<\/span><\/pre>\n","protected":false},"excerpt":{"rendered":"<pre id=\"tw-target-text\" class=\"tw-data-text tw-text-large tw-ta\" dir=\"ltr\" data-placeholder=\"\u7ffb\u8bd1\" aria-label=\"\u8bd1\u6587\" data-ved=\"2ahUKEwiez_Lz15iHAxUJR2wGHSc4BQwQ3ewLegQIBRAU\"><span class=\"Y2IQFc\" lang=\"en\">Conference sound column<\/span><\/pre>\n","protected":false},"featured_media":1183,"template":"","meta":{"site-sidebar-layout":"default","site-content-layout":"","ast-site-content-layout":"default","site-content-style":"default","site-sidebar-style":"default","ast-global-header-display":"","ast-banner-title-visibility":"","ast-main-header-display":"","ast-hfb-above-header-display":"","ast-hfb-below-header-display":"","ast-hfb-mobile-header-display":"","site-post-title":"","ast-breadcrumbs-content":"","ast-featured-img":"","footer-sml-layout":"","theme-transparent-header-meta":"default","adv-header-id-meta":"","stick-header-meta":"","header-above-stick-meta":"","header-main-stick-meta":"","header-below-stick-meta":"","astra-migrate-meta-layouts":"set","ast-page-background-enabled":"default","ast-page-background-meta":{"desktop":{"background-color":"var(--ast-global-color-4)","background-image":"","background-repeat":"repeat","background-position":"center center","background-size":"auto","background-attachment":"scroll","background-type":"","background-media":"","overlay-type":"","overlay-color":"","overlay-opacity":"","overlay-gradient":""},"tablet":{"background-color":"","background-image":"","background-repeat":"repeat","background-position":"center center","background-size":"auto","background-attachment":"scroll","background-type":"","background-media":"","overlay-type":"","overlay-color":"","overlay-opacity":"","overlay-gradient":""},"mobile":{"background-color":"","background-image":"","background-repeat":"repeat","background-position":"center center","background-size":"auto","background-attachment":"scroll","background-type":"","background-media":"","overlay-type":"","overlay-color":"","overlay-opacity":"","overlay-gradient":""}},"ast-content-background-meta":{"desktop":{"background-color":"var(--ast-global-color-5)","background-image":"","background-repeat":"repeat","background-position":"center center","background-size":"auto","background-attachment":"scroll","background-type":"","background-media":"","overlay-type":"","overlay-color":"","overlay-opacity":"","overlay-gradient":""},"tablet":{"background-color":"var(--ast-global-color-5)","background-image":"","background-repeat":"repeat","background-position":"center center","background-size":"auto","background-attachment":"scroll","background-type":"","background-media":"","overlay-type":"","overlay-color":"","overlay-opacity":"","overlay-gradient":""},"mobile":{"background-color":"var(--ast-global-color-5)","background-image":"","background-repeat":"repeat","background-position":"center center","background-size":"auto","background-attachment":"scroll","background-type":"","background-media":"","overlay-type":"","overlay-color":"","overlay-opacity":"","overlay-gradient":""}}},"product_cat":[53],"product_tag":[],"aioseo_notices":[],"_links":{"self":[{"href":"https:\/\/gztodun.com\/index.php\/wp-json\/wp\/v2\/product\/1184"}],"collection":[{"href":"https:\/\/gztodun.com\/index.php\/wp-json\/wp\/v2\/product"}],"about":[{"href":"https:\/\/gztodun.com\/index.php\/wp-json\/wp\/v2\/types\/product"}],"wp:featuredmedia":[{"embeddable":true,"href":"https:\/\/gztodun.com\/index.php\/wp-json\/wp\/v2\/media\/1183"}],"wp:attachment":[{"href":"https:\/\/gztodun.com\/index.php\/wp-json\/wp\/v2\/media?parent=1184"}],"wp:term":[{"taxonomy":"product_cat","embeddable":true,"href":"https:\/\/gztodun.com\/index.php\/wp-json\/wp\/v2\/product_cat?post=1184"},{"taxonomy":"product_tag","embeddable":true,"href":"https:\/\/gztodun.com\/index.php\/wp-json\/wp\/v2\/product_tag?post=1184"}],"curies":[{"name":"wp","href":"https:\/\/api.w.org\/{rel}","templated":true}]}}